{"id":1927,"date":"2022-07-28T11:06:04","date_gmt":"2022-07-28T09:06:04","guid":{"rendered":"https:\/\/blue-ape-385793.hostingersite.com\/?page_id=1927"},"modified":"2024-06-03T05:44:52","modified_gmt":"2024-06-03T03:44:52","slug":"aviso-legal","status":"publish","type":"page","link":"https:\/\/moratorenovables.com\/es\/aviso-legal\/","title":{"rendered":"Aviso legal"},"content":{"rendered":"<div data-elementor-type=\"wp-page\" data-elementor-id=\"1927\" class=\"elementor elementor-1927\" data-elementor-post-type=\"page\">\n\t\t\t\t\t\t<section class=\"elementor-section elementor-top-section elementor-element elementor-element-91410f0 elementor-section-boxed elementor-section-height-default elementor-section-height-default\" data-id=\"91410f0\" data-element_type=\"section\" data-e-type=\"section\" data-settings=\"{&quot;jet_parallax_layout_list&quot;:[],&quot;background_background&quot;:&quot;gradient&quot;}\">\n\t\t\t\t\t\t<div class=\"elementor-container elementor-column-gap-no\">\n\t\t\t\t\t<div class=\"elementor-column elementor-col-100 elementor-top-column elementor-element elementor-element-49fc614\" data-id=\"49fc614\" data-element_type=\"column\" data-e-type=\"column\">\n\t\t\t<div class=\"elementor-widget-wrap elementor-element-populated\">\n\t\t\t\t\t\t<div class=\"elementor-element elementor-element-1a62778 elementor-invisible elementor-widget elementor-widget-heading\" data-id=\"1a62778\" data-element_type=\"widget\" data-e-type=\"widget\" data-settings=\"{&quot;_animation&quot;:&quot;fadeInDown&quot;}\" data-widget_type=\"heading.default\">\n\t\t\t\t<div class=\"elementor-widget-container\">\n\t\t\t\t\t<h2 class=\"elementor-heading-title elementor-size-default\">AVISO LEGAL<\/h2>\t\t\t\t<\/div>\n\t\t\t\t<\/div>\n\t\t\t\t\t<\/div>\n\t\t<\/div>\n\t\t\t\t\t<\/div>\n\t\t<\/section>\n\t\t\t\t<section class=\"elementor-section elementor-top-section elementor-element elementor-element-dc2eb98 elementor-section-boxed elementor-section-height-default elementor-section-height-default\" data-id=\"dc2eb98\" data-element_type=\"section\" data-e-type=\"section\" data-settings=\"{&quot;jet_parallax_layout_list&quot;:[]}\">\n\t\t\t\t\t\t<div class=\"elementor-container elementor-column-gap-default\">\n\t\t\t\t\t<div class=\"elementor-column elementor-col-100 elementor-top-column elementor-element elementor-element-24d801c\" data-id=\"24d801c\" data-element_type=\"column\" data-e-type=\"column\">\n\t\t\t<div class=\"elementor-widget-wrap elementor-element-populated\">\n\t\t\t\t\t\t<div class=\"elementor-element elementor-element-6d4f27b elementor-widget elementor-widget-text-editor\" data-id=\"6d4f27b\" data-element_type=\"widget\" data-e-type=\"widget\" data-widget_type=\"text-editor.default\">\n\t\t\t\t<div class=\"elementor-widget-container\">\n\t\t\t\t\t\t\t\t\t<p><b>CONSIDERACIONES GENERALES<\/b><\/p><p>Este Aviso Legal tiene por objetivo informarte de tus derechos y obligaciones como usuario de este sitio web. Aqu\u00ed encontrar\u00e1s toda la informaci\u00f3n que necesitas sobre este sitio web, su actividad, los datos personales que recaba y su finalidad, as\u00ed como las normas de uso que regulan el uso de esta web.<\/p><p>En el momento en que accedas a este sitio web www.moratorenovables.com, asumes la condici\u00f3n de usuario, por lo que el contenido de este Aviso Legal te afecta directamente. Por eso, es importante que lo leas para disipar cualquier duda que puedas tener y tener conocimiento de causa sobre las condiciones que est\u00e1s aceptando.<\/p><p>Para empezar, debes saber que este sitio web cumple con las normativas vigentes en materia de protecci\u00f3n de datos, con el objetivo de aportarte las garant\u00edas, la seguridad y la transparencia que, como usuario te corresponden, al hora de utilizar esta web.<\/p><p>\u2013 El RGPD (Reglamento (UE) 2016\/679 del Parlamento Europeo y del Consejo de 27 de abril de 2016 relativo a la protecci\u00f3n de las personas f\u00edsicas) que es la nueva normativa de la Uni\u00f3n Europea que unifica la regulaci\u00f3n del tratamiento de las datos personales en los distintos pa\u00edses de la UE.<\/p><p>\u2013 La LOPD (Ley org\u00e1nica 15\/1999, de 13 de diciembre, de Protecci\u00f3n de Datos de Car\u00e1cter Personal y Real Decreto 1720\/2007, de 21 de diciembre, el Reglamento de desarrollo de la LOPD) que regula el tratamiento de los datos personales y las obligaciones que debemos asumir los responsables de una web o un blog a la hora de gestionar esta informaci\u00f3n.<\/p><p>- La LSSI (Ley 34\/2002, de 11 de julio, de Servicios de la Sociedad de la Informaci\u00f3n y Comercio Electr\u00f3nico) que regula las transacciones econ\u00f3micas mediante medios electr\u00f3nicos, como es el caso de esta p\u00e1gina web.<\/p><p><b>DATOS DE IDENTIFICACI\u00d3N<\/b><\/p><p>El responsable y titular de este sitio web es (www.moratorenovables.com)<\/p><p>\u2013 Nombre: Morat\u00f3 Centre Comercial SL<\/p><p>\u2013 NIF: B61538732<\/p><p>\u2013 Domicilio Social: Avenida Tarragona 4 08720 Vilafranca del Pened\u00e8s<\/p><p>- Actividad del sitio web: venta e instalaci\u00f3n de sistemas de energ\u00eda renovable y sostenible, particularmente fotovoltaicos.<\/p><p>\u2013 Correo electr\u00f3nico: info@moratorenovables.com<\/p><p>Los datos que nos facilites con tu consentimiento, y de acuerdo con el uso establecido en nuestra Pol\u00edtica de Privacidad, ser\u00e1n incorporados a un fichero automatizado debidamente inscrito en la Agencia Espa\u00f1ola de Protecci\u00f3n de Datos, en el que el responsable de este fichero es: Morat\u00f3 Centre Comercial SL Esto significa que tus datos est\u00e1n seguros, de acuerdo con lo que establece la ley.<\/p><p><b>NORMAS DE ACCESO AL SITIO WEB<\/b><\/p><p>Como usuario de nuestra web, tambi\u00e9n tienes una serie de obligaciones:<\/p><p>\u2013 No podr\u00e1s utilizar este sitio web para la realizaci\u00f3n de actividades contrarias a las leyes, a la moral, al orden p\u00fablico y, en general, a realizar un uso conforme a las condiciones establecidas en el presente Aviso Legal.<\/p><p>\u2013 No podr\u00e1s realizar actividades publicitarias o de explotaci\u00f3n comercial remitiendo mensajes que utilicen una identidad falsa.<\/p><p>\u2013 T\u00fa ser\u00e1s el \u00fanico responsable de la veracidad y exactitud de los contenidos que introduzcas en esta web y de los datos personales que nos facilites con los fines previstos en nuestra Pol\u00edtica de Privacidad.<\/p><p>\u2013 Tambi\u00e9n ser\u00e1s el \u00fanico responsable de la realizaci\u00f3n de cualquier tipo de actuaci\u00f3n il\u00edcita, lesiva de derechos, da\u00f1ina y\/o perjudicial en los sitios de terceros a los que te podamos derivar desde este sitio web para el desarrollo de la nuestra actividad.<\/p><p>\u2013 Como responsable del sitio web, www.moratorenovables.com podr\u00e1 interrumpir el servicio de la p\u00e1gina que est\u00e9 siendo utilizado por el usuario y resolver de forma inmediata la relaci\u00f3n si detecta un uso de la web o de cualquiera de los servicios que en la misma misma se ofrecen que pueda considerarse contrario a lo expresado en el presente Aviso Legal.<\/p><p><b>PROPIEDAD INTELECTUAL E INDUSTRIAL<\/b><\/p><p>La totalidad de este sitio web (texto, im\u00e1genes, marcas, gr\u00e1ficos, logotipos, botones, archivos de software, combinaciones de colores, as\u00ed como la estructura, selecci\u00f3n, ordenaci\u00f3n y presentaci\u00f3n de sus contenidos) se encuentra protegida por las leyes vigente sobre Propiedad Intelectual e Industrial, quedando prohibida su reproducci\u00f3n, distribuci\u00f3n, comunicaci\u00f3n p\u00fablica y transformaci\u00f3n, salvo para uso personal y privado.<\/p><p>Como titular de este sitio web, Morat\u00f3 Centre Comercial SL no garantiza que los contenidos sean precisos o libres de error o que el libre uso de los mismos por parte de los usuarios no infrinja los derechos de terceras partes. El buen o mal uso de esta p\u00e1gina y sus contenidos es responsabilidad del usuario.<\/p><p>Asimismo, queda prohibida la reproducci\u00f3n, retransmisi\u00f3n, copia, cesi\u00f3n o redifusi\u00f3n, total o parcial, de la informaci\u00f3n contenida en la p\u00e1gina, cualquiera que fuera su finalidad y el medio utilizado para ello, sin autorizaci\u00f3n previa de Morat\u00f3 Centre Comercial SL<\/p><p><b>ENLACES O LINKS<\/b><\/p><p>Este sitio web incluye enlaces o links a sitios de terceros. Las p\u00e1ginas pertenecientes a estos terceros no han sido revisadas ni son objeto de controles por nuestra parte, por lo que Morat\u00f3 Centre Comercial SL no podr\u00e1 ser considerado responsable de los contenidos de estos sitios web, ni de las medidas que se adopten relativas a su privacidad o al tratamiento de sus datos de car\u00e1cter personal u otros que pudieran derivarse.<\/p><p>Por todo ello, te recomendamos la lectura detenida de las condiciones de uso, pol\u00edtica de privacidad, avisos legales y\/o similares de estos sitios.<\/p><p><b>LIMITACI\u00d3N DE RESPONSABILIDAD<\/b><\/p><p>En ejercicio de su derecho como titular de esta web, te informamos que Morat\u00f3 Centre Comercial SL no se hace responsable en ning\u00fan caso de lo siguiente:<\/p><p>\u2013 La calidad del servicio, la velocidad de acceso, el correcto funcionamiento ni la disponibilidad ni continuidad de funcionamiento de la p\u00e1gina.<\/p><p>\u2013 La existencia de virus, malware, programas maliciosos o nocivos en los contenidos.<\/p><p>\u2013 El uso il\u00edcito, negligente, fraudulento o contrario a este Aviso Legal.<\/p><p>- La falta de licitud, calidad, fiabilidad, utilidad y disponibilidad de los servicios prestados por terceros y puestos a disposici\u00f3n de los usuarios en este sitio web. De los da\u00f1os que pudieran provenir del uso ilegal o indebido de esa p\u00e1gina web.<\/p><p><b>POL\u00cdTICA DE PRIVACIDAD Y PROTECCI\u00d3N DE DATOS<\/b><\/p><p>Este sitio web cumple con la normativa vigente en materia de protecci\u00f3n de datos, lo que implica que, como usuario, deber\u00e1s dar tu consentimiento expreso antes de facilitarnos datos personales a trav\u00e9s de los diferentes formularios puestos a disposici\u00f3n en las secciones de nuestra p\u00e1gina.<\/p><p>Para ello, en aras de la transparencia y el ejercicio de tu derecho, nuestro deber es informarte sobre los datos personales que recabamos, almacenamos y tratamos y con qu\u00e9 finalidades, teniendo en cualquier momento la posibilidad de revocar libremente el tuyo consentimiento.<\/p><p>Toda esta informaci\u00f3n podr\u00e1s encontrarla en nuestra Pol\u00edtica de Privacidad.<\/p><p><b>POL\u00cdTICA DE COOKIES<\/b><\/p><p>Tal y como te informamos nada m\u00e1s acceder a nuestra web, este sitio utiliza cookies propias y de terceros con el objetivo de proporcionarte la mejor experiencia de usuario y desarrollar nuestra actividad.<\/p><p>En cualquier momento, tendr\u00e1s la opci\u00f3n de configurar tu navegador para desestimar el uso de estas cookies que, en alg\u00fan caso, afectar\u00e1n a tu experiencia de usuario.<\/p><p>Para acceder a la informaci\u00f3n completa sobre el uso de cookies en este sitio web, su finalidad y desestimaci\u00f3n, puedes consultar nuestra Pol\u00edtica de Privacidad<\/p><p><b>POL\u00cdTICA DE COOKIES. LEGISLACI\u00d3N APLICABLE Y JURISDICCI\u00d3N COMPETENTE<\/b><\/p><p>El presente Aviso Legal est\u00e1 sometido a la legislaci\u00f3n espa\u00f1ola vigente.<\/p><p>En caso necesario, ante cualquier tipo de controversia de car\u00e1cter legal, Morat\u00f3 Centre Comercial SL y el usuario, con renuncia expresa a cualquier otro fuero, se someter\u00e1n a los Juzgados y Tribunales del domicilio del Usuario para cualquier controversia que pudiera derivarse se.<\/p><p>En caso de que el usuario tenga su domicilio fuera de Espa\u00f1a, Morat\u00f3 Centre Comercial SL y el usuario se someter\u00e1n, con renuncia expresa a cualquier otro fuero, a los juzgados y tribunales de Barcelona (Espa\u00f1a).<\/p><p>Si tienes cualquier duda sobre este Aviso Legal, puedes enviarnos un e-mail a info@moratorenovables.com.<\/p>\t\t\t\t\t\t\t\t<\/div>\n\t\t\t\t<\/div>\n\t\t\t\t\t<\/div>\n\t\t<\/div>\n\t\t\t\t\t<\/div>\n\t\t<\/section>\n\t\t\t\t<\/div>","protected":false},"excerpt":{"rendered":"<p>AV\u00cdS LEGAL CONSIDERACIONS GENERALS Aquest Av\u00eds Legal t\u00e9 l&#8217;objectiu d&#8217;informar-te dels teus drets i obligacions com a usuari d&#8217;aquest lloc web. Aqu\u00ed trobar\u00e0s tota la informaci\u00f3 que necessites sobre aquest lloc web, la seva activitat, les dades personals que recapta i la seva finalitat, aix\u00ed com les normes d&#8217;\u00fas que regulen l&#8217;\u00fas d&#8217;aquesta web. En [&hellip;]<\/p>\n","protected":false},"author":2,"featured_media":0,"parent":0,"menu_order":0,"comment_status":"closed","ping_status":"closed","template":"","meta":{"nombre_localidad":"","descripcion_slider":"","texto_anuncio_cta_llamada_a_la_accion":"","texto_seccion_1":"","texto_seccion_2":"","telefono":"","footnotes":""},"class_list":["post-1927","page","type-page","status-publish","hentry"],"_links":{"self":[{"href":"https:\/\/moratorenovables.com\/es\/wp-json\/wp\/v2\/pages\/1927","targetHints":{"allow":["GET"]}}],"collection":[{"href":"https:\/\/moratorenovables.com\/es\/wp-json\/wp\/v2\/pages"}],"about":[{"href":"https:\/\/moratorenovables.com\/es\/wp-json\/wp\/v2\/types\/page"}],"author":[{"embeddable":true,"href":"https:\/\/moratorenovables.com\/es\/wp-json\/wp\/v2\/users\/2"}],"replies":[{"embeddable":true,"href":"https:\/\/moratorenovables.com\/es\/wp-json\/wp\/v2\/comments?post=1927"}],"version-history":[{"count":5,"href":"https:\/\/moratorenovables.com\/es\/wp-json\/wp\/v2\/pages\/1927\/revisions"}],"predecessor-version":[{"id":3024,"href":"https:\/\/moratorenovables.com\/es\/wp-json\/wp\/v2\/pages\/1927\/revisions\/3024"}],"wp:attachment":[{"href":"https:\/\/moratorenovables.com\/es\/wp-json\/wp\/v2\/media?parent=1927"}],"curies":[{"name":"wp","href":"https:\/\/api.w.org\/{rel}","templated":true}]}}