{"id":2317,"date":"2023-01-09T11:51:33","date_gmt":"2023-01-09T09:51:33","guid":{"rendered":"https:\/\/blue-ape-385793.hostingersite.com\/?page_id=2317"},"modified":"2023-01-09T11:56:01","modified_gmt":"2023-01-09T09:56:01","slug":"politica-de-privacidad","status":"publish","type":"page","link":"https:\/\/moratorenovables.com\/es\/politica-de-privacidad\/","title":{"rendered":"Pol\u00edtica de privacidad"},"content":{"rendered":"<div data-elementor-type=\"wp-page\" data-elementor-id=\"2317\" class=\"elementor elementor-2317\" data-elementor-post-type=\"page\">\n\t\t\t\t\t\t<section class=\"elementor-section elementor-top-section elementor-element elementor-element-c3f8d45 elementor-section-boxed elementor-section-height-default elementor-section-height-default\" data-id=\"c3f8d45\" data-element_type=\"section\" data-e-type=\"section\" data-settings=\"{&quot;jet_parallax_layout_list&quot;:[],&quot;background_background&quot;:&quot;gradient&quot;}\">\n\t\t\t\t\t\t<div class=\"elementor-container elementor-column-gap-no\">\n\t\t\t\t\t<div class=\"elementor-column elementor-col-100 elementor-top-column elementor-element elementor-element-4aa80d5\" data-id=\"4aa80d5\" data-element_type=\"column\" data-e-type=\"column\">\n\t\t\t<div class=\"elementor-widget-wrap elementor-element-populated\">\n\t\t\t\t\t\t<div class=\"elementor-element elementor-element-83e4721 elementor-invisible elementor-widget elementor-widget-heading\" data-id=\"83e4721\" data-element_type=\"widget\" data-e-type=\"widget\" data-settings=\"{&quot;_animation&quot;:&quot;fadeInDown&quot;}\" data-widget_type=\"heading.default\">\n\t\t\t\t<div class=\"elementor-widget-container\">\n\t\t\t\t\t<h2 class=\"elementor-heading-title elementor-size-default\">POL\u00cdTICA DE PRIVACIDAD<\/h2>\t\t\t\t<\/div>\n\t\t\t\t<\/div>\n\t\t\t\t\t<\/div>\n\t\t<\/div>\n\t\t\t\t\t<\/div>\n\t\t<\/section>\n\t\t\t\t<section class=\"elementor-section elementor-top-section elementor-element elementor-element-b46a06b elementor-section-boxed elementor-section-height-default elementor-section-height-default\" data-id=\"b46a06b\" data-element_type=\"section\" data-e-type=\"section\" data-settings=\"{&quot;jet_parallax_layout_list&quot;:[]}\">\n\t\t\t\t\t\t<div class=\"elementor-container elementor-column-gap-default\">\n\t\t\t\t\t<div class=\"elementor-column elementor-col-100 elementor-top-column elementor-element elementor-element-a62634f\" data-id=\"a62634f\" data-element_type=\"column\" data-e-type=\"column\">\n\t\t\t<div class=\"elementor-widget-wrap elementor-element-populated\">\n\t\t\t\t\t\t<div class=\"elementor-element elementor-element-f02071c elementor-widget elementor-widget-text-editor\" data-id=\"f02071c\" data-element_type=\"widget\" data-e-type=\"widget\" data-widget_type=\"text-editor.default\">\n\t\t\t\t<div class=\"elementor-widget-container\">\n\t\t\t\t\t\t\t\t\t<p><strong>CONSIDERACIONES GENERALES<\/strong><\/p><p>Si est\u00e1s aqu\u00ed es porque quieres saber m\u00e1s sobre las obligaciones y derechos que te corresponden como usuario de esta web www.moratorenovables.com y esto est\u00e1 muy bien. Nuestro deber es informarte y tu estar debidamente informado.<\/p><p>En esta Pol\u00edtica de Privacidad te informaremos con total transparencia sobre la finalidad de este sitio web y todo lo que afecta a los datos que nos facilites, as\u00ed como de las obligaciones y derechos que te corresponden.<\/p><p>Para empezar, debes saber que este sitio web se adapta a la normativa vigente en relaci\u00f3n con la protecci\u00f3n de datos, lo que afecta a los datos personales que nos facilites con tu consentimiento expreso ya las cookies que utilizamos para que este sitio web funcione correctamente y pueda desarrollar su actividad.<\/p><p>Concretamente, esta web se ajusta al cumplimiento de las siguientes normativas:<\/p><p>\u2013 El RGPD (Reglamento (UE) 2016\/679 del Parlamento Europeo y del Consejo de 27 de abril de 2016 relativo a la protecci\u00f3n de las personas f\u00edsicas) que es la nueva normativa de la Uni\u00f3n Europea que unifica la regulaci\u00f3n del tratamiento de las datos personales en los distintos pa\u00edses de la UE.<\/p><p>\u2013 La LOPD (Ley org\u00e1nica 15\/1999, de 13 de diciembre, de Protecci\u00f3n de Datos de Car\u00e1cter Personal y Real Decreto 1720\/2007, de 21 de diciembre, el Reglamento de desarrollo de la LOPD) que regula el tratamiento de los datos personales y las obligaciones que debemos asumir los responsables de una web o un blog a la hora de gestionar esta informaci\u00f3n.<\/p><p>\u2013 La LSSI (Ley 34\/2002, de 11 de julio, de Servicios de la Sociedad de la Informaci\u00f3n y Comercio Electr\u00f3nico) que regula las transacciones econ\u00f3micas mediante medios electr\u00f3nicos, como es el caso de este blog.<\/p><p><strong>DATOS DE IDENTIFICACI\u00d3N<\/strong><\/p><p>El responsable y titular de este sitio web es (www.moratorenovables.com)<\/p><p>\u2013 Nombre: Morat\u00f3 Centre Comercial SL<\/p><p>\u2013 NIF: B61538782<\/p><p>\u2013 Domicilio Social: Avenida Tarragona 4 08720 Vilafranca del Pened\u00e8s<\/p><p>- Actividad del sitio web: venta e instalaci\u00f3n de sistemas de energ\u00eda renovable y sostenible, particularmente fotovoltaicos<\/p><p>\u2013 Correo electr\u00f3nico: info@moratorenovables.com<\/p><p>Los datos que nos facilites con tu consentimiento, y de acuerdo con el uso establecido en esta Pol\u00edtica de Privacidad, ser\u00e1n incorporados a un fichero automatizado debidamente inscrito en la Agencia Espa\u00f1ola de Protecci\u00f3n de Datos, en el que el responsable de este archivo es: Morat\u00f3 Centre Comercial SL Esto significa que tus datos est\u00e1n seguros, de acuerdo con lo que establece la ley.<\/p><p>Los datos personales que nos facilites, siempre con tu consentimiento expreso, se almacenar\u00e1n y tratar\u00e1n con los fines previstos y descritos a continuaci\u00f3n en esta Pol\u00edtica de Privacidad, hasta el momento en que nos pidas que los eliminemos.<\/p><p>Te informamos que esta Pol\u00edtica de Privacidad puede ser modificada en cualquier momento, con el fin de adaptarla a novedades legislativas o cambios en nuestras actividades, siendo vigente la que en cada momento se encuentre publicada en la web. Esta modificaci\u00f3n se notificar\u00e1 antes de su aplicaci\u00f3n.<\/p><p><strong>CONDICIONES DE USO<\/strong><\/p><p>Debes saber, para tu tranquilidad, que siempre te solicitaremos tu consentimiento expreso para recabar tus datos con la correspondiente finalidad especificada en cada caso, lo que implica que, en caso de otorgar este consentimiento , has le\u00eddo y aceptado esta Pol\u00edtica de Privacidad.<\/p><p>En el momento en que accedas y utilices esta web, asumes tu condici\u00f3n de usuario con tus correspondientes derechos y obligaciones.<\/p><p>Si eres mayor de 13 a\u00f1os, podr\u00e1s registrarte como usuario en este sitio web sin el previo consentimiento de tus padres o tutores.<\/p><p>Si eres menor de 13 a\u00f1os, necesitar\u00e1s el consentimiento de tus padres o tutores para el tratamiento de sus datos personales.<\/p><p><strong>REGISTRO Y VERACIDAD DE LOS DATOS DE REGISTRO<\/strong><\/p><p>En funci\u00f3n del formulario o secci\u00f3n a la que accedas, te solicitaremos exclusivamente los datos necesarios con las finalidades descritas a continuaci\u00f3n. En todo momento, deber\u00e1s dar tu consentimiento expreso, cuando te solicitemos informaci\u00f3n personal con las siguientes finalidades:<\/p><p>\u2013 Las finalidades concretas que particularmente se indiquen en cada una de las p\u00e1ginas o secciones donde aparezca el formulario de registro o contacto electr\u00f3nico.<\/p><p>\u2013 Con car\u00e1cter general, para atender tus solicitudes, comentarios, consultas o cualquier tipo de petici\u00f3n que realices como usuario a trav\u00e9s de cualquiera de las formas de contacto que ponemos a tu disposici\u00f3n.<\/p><p>\u2013 Para informarte sobre consultas, peticiones, actividades, productos, novedades y\/o servicios; v\u00eda e-mail, fax, Whatsapp, Skype, tel\u00e9fono proporcionado, sms y mms.<\/p><p>\u2013 Para enviarte comunicaciones comerciales o publicitarias a trav\u00e9s de cualquier otro medio electr\u00f3nico o f\u00edsico, que posibilite realizar comunicaciones.<\/p><p>Estas comunicaciones, siempre ser\u00e1n relacionadas con nuestros productos, servicios, novedades o promociones, as\u00ed como aquellos productos o servicios que podamos considerar de tu inter\u00e9s y que puedan ofrecer colaboradores, empresas o \u201cpartners\u201d con los que mantengamos acuerdos de promoci\u00f3n o colaboraci\u00f3n comercial.<\/p><p>En este caso, te garantizamos que estos terceros nunca tendr\u00e1n acceso a tus datos personales, con las excepciones reflejadas a continuaci\u00f3n, siendo en cualquier caso estas comunicaciones realizadas por parte de Morat\u00f3 Centre Comercial SL, como titular de la web.<\/p><p>Este sitio web puede mostrar productos de afiliado de terceros. Esto significa que al hacer clic en \u201cComprar Ahora\u201d o similar, se te redirigir\u00e1 a la p\u00e1gina en la que se ofrecen los productos.<\/p><p>En este caso, debes saber que \u00fanicamente proporcionamos y facilitamos los enlaces a las p\u00e1ginas y\/o plataformas de estos terceros donde pueden adquirirse los productos que mostramos, en aras a facilitar su b\u00fasqueda y f\u00e1cil adquisici\u00f3n.<\/p><p>Estas p\u00e1ginas enlazadas y pertenecientes a terceros no han sido revisadas ni son objeto de controles, ni recomendaci\u00f3n por nuestra parte, por lo que en ning\u00fan caso Morat\u00f3 Centre Comercial SL ser\u00e1 considerada responsable de los contenidos de estos sitios web, de las responsabilidades derivadas del mismo su uso en todos los \u00e1mbitos, ni por las medidas que se adopten relativas a la privacidad del usuario, tratamiento de sus datos de car\u00e1cter personal u otros que pudieran establecerse.<\/p><p>Por todo ello, te recomendamos la lectura detenida y anticipada de todas las condiciones de uso, condiciones de compra, pol\u00edticas de privacidad, avisos legales y\/o similares de estos sitios enlazados antes de proceder a la adquisici\u00f3n de estos productos o uso de las webs.<\/p><p><strong>EXACTITUD Y VERACIDAD DE LOS DATOS<\/strong><\/p><p>Como usuario, eres el \u00fanico responsable de la veracidad y modificaci\u00f3n de los datos que remitas a www.moratorenovables.com, exoner\u00e1ndonos de cualquier responsabilidad al respecto.<\/p><p>Es decir, a ti te corresponde garantizar y responder en cualquier caso de la exactitud, vigencia y autenticidad de los datos personales facilitados, comprometi\u00e9ndote a mantenerlos debidamente actualizados.<\/p><p>De acuerdo con lo expresado en esta Pol\u00edtica de Privacidad, aceptas proporcionar informaci\u00f3n completa y correcta en el formulario de contacto o suscripci\u00f3n.<\/p><p><strong>BAJAS DE SUSCRIPCI\u00d3N Y DERECHO DE REVOCACI\u00d3N<\/strong><\/p><p>Como titular de los datos que nos hayas facilitado, podr\u00e1s ejercitar en cualquier momento tus derechos de acceso, rectificaci\u00f3n, cancelaci\u00f3n y oposici\u00f3n, envi\u00e1ndonos un correo electr\u00f3nico a info@moratorenovables.com y adjunt\u00e1ndonos una fotocopia del tu documento de identidad como prueba v\u00e1lida.<\/p><p>Asimismo, podr\u00e1s darte de baja en cualquier momento para dejar de recibir nuestra newsletter o cualquier otra comunicaci\u00f3n comercial, directamente desde el mismo email que hayas recibido o envi\u00e1ndonos un correo a info@moratorenovables.com.<\/p><p><strong>ACCESO A DATOS POR CUENTA DE TERCEROS<\/strong><\/p><p>Para poder prestar servicios estrictamente necesarios para el funcionamiento y desarrollo de las actividades de este sitio web, te informamos que compartimos datos con los siguientes prestamistas de servicio bajo sus correspondientes condiciones de privacidad.<\/p><p>Puedes tener la total tranquilidad de que estos terceros no podr\u00e1n utilizar esta informaci\u00f3n para otro fin que no est\u00e9 regulado espec\u00edficamente en nuestras relaciones con ellos en virtud de la normativa aplicable en materia de protecci\u00f3n de datos de car\u00e1cter personal.<\/p><p>Este sitio web est\u00e1 alojado en PENED\u00c8S WEB, que proporciona los servicios de hosting para que puedas acceder y navegar por nuestro sitio. Puedes consultar la pol\u00edtica de privacidad y otros aspectos legales de esta empresa en el siguiente enlace: https:\/\/penedesweb.cat<\/p><p>Nuestra web utiliza servidores publicitarios con el fin de facilitar los contenidos comerciales que visualizas en nuestras p\u00e1ginas. Estos servidores publicitarios utilizan cookies que le permiten adaptar los contenidos publicitarios a los perfiles demogr\u00e1ficos de los usuarios.<\/p><p><strong>GOOGLE ANALYTICS:<\/strong><\/p><p>Google Analytics es un servicio anal\u00edtico de web prestado por Google, Inc., una compa\u00f1\u00eda de Delaware cuya oficina principal est\u00e1 en 1600 Amphitheatre Parkway, Mountain View (California), CA 94043, Estados Unidos (\u201cGoogle\u201d).<\/p><p>Google Analytics utiliza \u201ccookies\u201d, que son archivos de texto situados en tu ordenador, para ayudar al website a analizar el uso que hacen los usuarios del sitio web.<\/p><p>La informaci\u00f3n que genera la cookie sobre tu uso del website (incluyendo tu direcci\u00f3n IP) ser\u00e1 directamente transmitida y archivada por Google. Google usar\u00e1 esta informaci\u00f3n por nuestra cuenta con el prop\u00f3sito de seguir la pista de su uso del website, recopilando informes de la actividad del website y prestando otros servicios relacionados con la actividad del website y el uso de Internet.<\/p><p>Google podr\u00e1 transmitir esta informaci\u00f3n a terceros cuando as\u00ed se lo requiera la legislaci\u00f3n, o cuando dichos terceros procesen la informaci\u00f3n por cuenta de Google. Google no asociar\u00e1 su direcci\u00f3n IP con ning\u00fan otro dato del que disponga.<\/p><p>Como usuario, y en ejercicio de tus derechos, puedes rechazar el tratamiento de los datos o la informaci\u00f3n rechazando el uso de cookies mediante la selecci\u00f3n de la configuraci\u00f3n apropiada de tu navegador, sin embargo debes saber que si lo hace puede ser que no puedas utilizar la plena funcionalidad de este sitio web.<\/p><p>Al utilizar esta web, de acuerdo con la informaci\u00f3n facilitada en esta Pol\u00edtica de Privacidad, aceptas el tratamiento de datos por parte de Google en la forma y para los fines indicados.<\/p><p>Para m\u00e1s informaci\u00f3n, puedes consultar la pol\u00edtica de privacidad de Google en https:\/\/www.google.com\/intl\/es\/policies\/privacy\/.<\/p><p><strong>GOOGLE ADINSE:<\/strong><\/p><p>Google como proveedor asociado utiliza cookies para publicar anuncios en este sitio web. Puedes inhabilitar el uso de la cookie de DART a trav\u00e9s del anuncio de Google y accediendo a la pol\u00edtica de privacidad de la red de contenido: https:\/\/www.google.com\/intl\/es\/policies\/privacy\/.<\/p><p>Google utiliza empresas publicitarias asociadas para publicar anuncios cuando visita nuestro sitio web. Es posible que estas empresas usen la informaci\u00f3n que obtienen de tus visitas a \u00e9ste y otros sitios web (sin incluir tu nombre, direcci\u00f3n, direcci\u00f3n de correo electr\u00f3nico o n\u00famero de tel\u00e9fono) para ofrecerte anuncios sobre productos y servicios que te resulten de inter\u00e9s.<\/p><p>Al utilizar esta web, consientes el tratamiento de datos por parte de Google en la forma y para los fines indicados.<\/p><p>Si quieres saber m\u00e1s sobre el uso de cookies y las pr\u00e1cticas de recopilaci\u00f3n de informaci\u00f3n y los procedimientos de aceptaci\u00f3n o desecho, consulta nuestra POL\u00cdTICA DE COOKIES.<\/p><p><strong>MEDIDAS DE SEGURIDAD<\/strong><\/p><p>Como titular de la web, Morat\u00f3 Centre Comercial SL ha adoptado todas las medidas t\u00e9cnicas y de organizaci\u00f3n necesaria para garantizar la seguridad e integridad de los datos de car\u00e1cter personal que trate, as\u00ed como para evitar su p\u00e9rdida, alteraci\u00f3n y\/ o acceso por parte de terceros no autorizados.<\/p><p>Te recordamos que, para m\u00e1s informaci\u00f3n, puedes consultar nuestras p\u00e1ginas de Aviso Legal y Pol\u00edtica de Cookies.<\/p>\t\t\t\t\t\t\t\t<\/div>\n\t\t\t\t<\/div>\n\t\t\t\t\t<\/div>\n\t\t<\/div>\n\t\t\t\t\t<\/div>\n\t\t<\/section>\n\t\t\t\t<\/div>","protected":false},"excerpt":{"rendered":"<p>POL\u00cdTICA DE PRIVACITAT CONSIDERACIONS GENERALS Si ets aqu\u00ed \u00e9s perqu\u00e8 vols saber m\u00e9s sobre les obligacions i drets que et corresponen com a usuari d&#8217;aquesta web www.moratorenovables.com i aix\u00f2 est\u00e0 molt b\u00e9. El nostre deure \u00e9s informar-te i el teu estar degudament informat. En aquesta Pol\u00edtica de Privacitat t&#8217;informarem amb total transpar\u00e8ncia sobre la finalitat [&hellip;]<\/p>\n","protected":false},"author":2,"featured_media":0,"parent":0,"menu_order":0,"comment_status":"closed","ping_status":"closed","template":"","meta":{"nombre_localidad":"","descripcion_slider":"","texto_anuncio_cta_llamada_a_la_accion":"","texto_seccion_1":"","texto_seccion_2":"","telefono":"","footnotes":""},"class_list":["post-2317","page","type-page","status-publish","hentry"],"_links":{"self":[{"href":"https:\/\/moratorenovables.com\/es\/wp-json\/wp\/v2\/pages\/2317","targetHints":{"allow":["GET"]}}],"collection":[{"href":"https:\/\/moratorenovables.com\/es\/wp-json\/wp\/v2\/pages"}],"about":[{"href":"https:\/\/moratorenovables.com\/es\/wp-json\/wp\/v2\/types\/page"}],"author":[{"embeddable":true,"href":"https:\/\/moratorenovables.com\/es\/wp-json\/wp\/v2\/users\/2"}],"replies":[{"embeddable":true,"href":"https:\/\/moratorenovables.com\/es\/wp-json\/wp\/v2\/comments?post=2317"}],"version-history":[{"count":4,"href":"https:\/\/moratorenovables.com\/es\/wp-json\/wp\/v2\/pages\/2317\/revisions"}],"predecessor-version":[{"id":2340,"href":"https:\/\/moratorenovables.com\/es\/wp-json\/wp\/v2\/pages\/2317\/revisions\/2340"}],"wp:attachment":[{"href":"https:\/\/moratorenovables.com\/es\/wp-json\/wp\/v2\/media?parent=2317"}],"curies":[{"name":"wp","href":"https:\/\/api.w.org\/{rel}","templated":true}]}}