{"id":1927,"date":"2022-07-28T11:06:04","date_gmt":"2022-07-28T09:06:04","guid":{"rendered":"https:\/\/blue-ape-385793.hostingersite.com\/?page_id=1927"},"modified":"2024-06-03T05:44:52","modified_gmt":"2024-06-03T03:44:52","slug":"mentions-legales","status":"publish","type":"page","link":"https:\/\/moratorenovables.com\/fr\/mentions-legales\/","title":{"rendered":"Mentions l\u00e9gales"},"content":{"rendered":"<div data-elementor-type=\"wp-page\" data-elementor-id=\"1927\" class=\"elementor elementor-1927\" data-elementor-post-type=\"page\">\n\t\t\t\t\t\t<section class=\"elementor-section elementor-top-section elementor-element elementor-element-91410f0 elementor-section-boxed elementor-section-height-default elementor-section-height-default\" data-id=\"91410f0\" data-element_type=\"section\" data-e-type=\"section\" data-settings=\"{&quot;jet_parallax_layout_list&quot;:[],&quot;background_background&quot;:&quot;gradient&quot;}\">\n\t\t\t\t\t\t<div class=\"elementor-container elementor-column-gap-no\">\n\t\t\t\t\t<div class=\"elementor-column elementor-col-100 elementor-top-column elementor-element elementor-element-49fc614\" data-id=\"49fc614\" data-element_type=\"column\" data-e-type=\"column\">\n\t\t\t<div class=\"elementor-widget-wrap elementor-element-populated\">\n\t\t\t\t\t\t<div class=\"elementor-element elementor-element-1a62778 elementor-invisible elementor-widget elementor-widget-heading\" data-id=\"1a62778\" data-element_type=\"widget\" data-e-type=\"widget\" data-settings=\"{&quot;_animation&quot;:&quot;fadeInDown&quot;}\" data-widget_type=\"heading.default\">\n\t\t\t\t<div class=\"elementor-widget-container\">\n\t\t\t\t\t<h2 class=\"elementor-heading-title elementor-size-default\">MENTIONS L\u00c9GALES<\/h2>\t\t\t\t<\/div>\n\t\t\t\t<\/div>\n\t\t\t\t\t<\/div>\n\t\t<\/div>\n\t\t\t\t\t<\/div>\n\t\t<\/section>\n\t\t\t\t<section class=\"elementor-section elementor-top-section elementor-element elementor-element-dc2eb98 elementor-section-boxed elementor-section-height-default elementor-section-height-default\" data-id=\"dc2eb98\" data-element_type=\"section\" data-e-type=\"section\" data-settings=\"{&quot;jet_parallax_layout_list&quot;:[]}\">\n\t\t\t\t\t\t<div class=\"elementor-container elementor-column-gap-default\">\n\t\t\t\t\t<div class=\"elementor-column elementor-col-100 elementor-top-column elementor-element elementor-element-24d801c\" data-id=\"24d801c\" data-element_type=\"column\" data-e-type=\"column\">\n\t\t\t<div class=\"elementor-widget-wrap elementor-element-populated\">\n\t\t\t\t\t\t<div class=\"elementor-element elementor-element-6d4f27b elementor-widget elementor-widget-text-editor\" data-id=\"6d4f27b\" data-element_type=\"widget\" data-e-type=\"widget\" data-widget_type=\"text-editor.default\">\n\t\t\t\t<div class=\"elementor-widget-container\">\n\t\t\t\t\t\t\t\t\t<p><b>CONSID\u00c9RATIONS G\u00c9N\u00c9RALES<\/b><\/p><p>Cet avis juridique vise \u00e0 vous informer de vos droits et obligations en tant qu&#039;utilisateur de ce site Web. Vous trouverez ici toutes les informations dont vous avez besoin sur ce site Web, son activit\u00e9, les donn\u00e9es personnelles qu&#039;il collecte et sa finalit\u00e9, ainsi que les r\u00e8gles d&#039;utilisation qui r\u00e9gissent l&#039;utilisation de ce site Web.<\/p><p>Au moment o\u00f9 vous acc\u00e9dez \u00e0 ce site Web www.moratorenovables.com, vous assumez le statut d&#039;utilisateur, donc le contenu de cet avis juridique vous affecte directement. Il est donc important que vous le lisiez pour dissiper tout doute que vous pourriez avoir et avoir une connaissance compl\u00e8te des conditions que vous acceptez.<\/p><p>Pour commencer, vous devez savoir que ce site Web est conforme \u00e0 la r\u00e9glementation en vigueur en mati\u00e8re de protection des donn\u00e9es, dans le but de vous fournir les garanties, la s\u00e9curit\u00e9 et la transparence qui, en tant qu&#039;utilisateur, vous correspondent lors de l&#039;utilisation de ce site Web.<\/p><p>\u2013 Le RGPD (R\u00e8glement (UE) 2016\/679 du Parlement europ\u00e9en et du Conseil du 27 avril 2016 relatif \u00e0 la protection des personnes physiques) qui est le nouveau r\u00e8glement de l\u2019Union europ\u00e9enne qui unifie la r\u00e9glementation du traitement des donn\u00e9es personnelles dans les diff\u00e9rents pays de l\u2019UE.<\/p><p>\u2013 La LOPD (Loi Organique 15\/1999, du 13 d\u00e9cembre, sur la Protection des Donn\u00e9es Personnelles et D\u00e9cret Royal 1720\/2007, du 21 d\u00e9cembre, R\u00e8glement d\u2019application de la LOPD) qui r\u00e9glemente le traitement des donn\u00e9es personnelles et les obligations que les responsables d\u2019un site Web ou d\u2019un blog doivent assumer lors de la gestion de ces informations.<\/p><p>\u2013 La LSSI (Loi 34\/2002, du 11 juillet, sur les Services de la Soci\u00e9t\u00e9 de l\u2019Information et du Commerce \u00c9lectronique) qui r\u00e9glemente les transactions \u00e9conomiques par voie \u00e9lectronique, comme c\u2019est le cas de ce site Web.<\/p><p><b>DONN\u00c9ES D&#039;IDENTIFICATION<\/b><\/p><p>La personne responsable et propri\u00e9taire de ce site Web est (www.moratorenovables.com)<\/p><p>\u2013 Nom : Centre Commercial Morat\u00f3 SL<\/p><p>\u2013 NIF : B61538732<\/p><p>\u2013 Si\u00e8ge social : Avenue Tarragona 4 08720 Vilafranca del Pened\u00e8s<\/p><p>\u2013 Activit\u00e9 du site : vente et installation de syst\u00e8mes d\u2019\u00e9nergie renouvelable et durable, notamment photovolta\u00efque.<\/p><p>\u2013 Courriel : info@moratorenovables.com<\/p><p>Les donn\u00e9es que vous nous fournissez avec votre consentement, et conform\u00e9ment \u00e0 l&#039;utilisation \u00e9tablie dans notre politique de confidentialit\u00e9, seront incorpor\u00e9es dans un fichier automatis\u00e9 d\u00fbment enregistr\u00e9 aupr\u00e8s de l&#039;Agence espagnole de protection des donn\u00e9es, dans lequel le responsable de ce fichier est : Morat\u00f3 Centre Comercial SL. Cela signifie que vos donn\u00e9es sont s\u00e9curis\u00e9es, conform\u00e9ment \u00e0 ce qui est \u00e9tabli par la loi.<\/p><p><b>R\u00c8GLES D&#039;ACC\u00c8S AU SITE WEB<\/b><\/p><p>En tant qu&#039;utilisateur de notre site Web, vous avez \u00e9galement une s\u00e9rie d&#039;obligations :<\/p><p>\u2013 Vous ne pouvez pas utiliser ce site Web pour r\u00e9aliser des activit\u00e9s contraires \u00e0 la loi, \u00e0 la morale, \u00e0 l\u2019ordre public et, en g\u00e9n\u00e9ral, l\u2019utiliser conform\u00e9ment aux conditions \u00e9tablies dans le pr\u00e9sent avis juridique.<\/p><p>\u2013 Vous ne pouvez pas effectuer d\u2019activit\u00e9s publicitaires ou d\u2019exploitation commerciale en envoyant des messages utilisant une fausse identit\u00e9.<\/p><p>\u2013 Vous serez seul responsable de la v\u00e9racit\u00e9 et de l\u2019exactitude du contenu que vous saisissez sur ce site Web et des donn\u00e9es personnelles que vous nous fournissez aux fins \u00e9nonc\u00e9es dans notre politique de confidentialit\u00e9.<\/p><p>\u2013 Vous serez \u00e9galement seul responsable de la r\u00e9alisation de tout type d\u2019action ill\u00e9gale, contrefaisante, nuisible et\/ou pr\u00e9judiciable sur les sites tiers vers lesquels nous pourrions vous renvoyer \u00e0 partir de ce site Web pour le d\u00e9veloppement de notre activit\u00e9.<\/p><p>\u2013 En tant que responsable du site Web, www.moratorenovables.com peut interrompre le service de la page utilis\u00e9e par l\u2019utilisateur et mettre fin imm\u00e9diatement \u00e0 la relation s\u2019il d\u00e9tecte une utilisation du site Web ou de l\u2019un des services qui y sont propos\u00e9s qui peut \u00eatre consid\u00e9r\u00e9e comme contraire \u00e0 ce qui est exprim\u00e9 dans le pr\u00e9sent avis juridique.<\/p><p><b>PROPRI\u00c9T\u00c9 INTELLECTUELLE ET INDUSTRIELLE<\/b><\/p><p>L&#039;ensemble de ce site Web (textes, images, marques, graphiques, logos, boutons, fichiers logiciels, combinaisons de couleurs, ainsi que la structure, la s\u00e9lection, l&#039;agencement et la pr\u00e9sentation de son contenu) est prot\u00e9g\u00e9 par les lois en vigueur sur la propri\u00e9t\u00e9 intellectuelle et industrielle, et sa reproduction, distribution, communication publique et transformation sont interdites, sauf pour un usage personnel et priv\u00e9.<\/p><p>En tant que propri\u00e9taire de ce site Web, Morat\u00f3 Centre Comercial SL ne garantit pas que le contenu soit exact ou exempt d&#039;erreurs ou que la libre utilisation de celui-ci par les utilisateurs ne porte pas atteinte aux droits de tiers. La bonne ou mauvaise utilisation de cette page et de son contenu rel\u00e8ve de la responsabilit\u00e9 de l&#039;utilisateur.<\/p><p>De m\u00eame, la reproduction, la retransmission, la copie, la cession ou la redistribution, en tout ou en partie, des informations contenues sur la page, quel que soit son but et le moyen utilis\u00e9 \u00e0 cet effet, est interdite sans l&#039;autorisation pr\u00e9alable de Morat\u00f3 Centre Comercial SL.<\/p><p><b>LINKS<\/b><\/p><p>Ce site Web comprend des liens vers des sites tiers. Les pages appartenant \u00e0 ces tiers n&#039;ont pas \u00e9t\u00e9 r\u00e9vis\u00e9es ni soumises \u00e0 des contr\u00f4les de notre part, de sorte que Morat\u00f3 Centre Comercial SL ne peut \u00eatre consid\u00e9r\u00e9 comme responsable du contenu de ces sites Web, ni des mesures adopt\u00e9es concernant votre vie priv\u00e9e ou le traitement de vos donn\u00e9es personnelles ou autres qui pourraient survenir.<\/p><p>Pour tout cela, nous vous recommandons de lire attentivement les conditions d&#039;utilisation, la politique de confidentialit\u00e9, les mentions l\u00e9gales et\/ou similaires de ces sites.<\/p><p><b>LIMITATION DE RESPONSABILIT\u00c9<\/b><\/p><p>Dans l&#039;exercice de ses droits en tant que propri\u00e9taire de ce site Web, nous vous informons que Morat\u00f3 Centre Comercial SL n&#039;est en aucun cas responsable de ce qui suit :<\/p><p>\u2013 La qualit\u00e9 du service, la rapidit\u00e9 d\u2019acc\u00e8s, le bon fonctionnement ou la disponibilit\u00e9 ou la continuit\u00e9 de fonctionnement de la page.<\/p><p>\u2013 L\u2019existence de virus, de logiciels malveillants, de programmes malveillants ou nuisibles dans le contenu.<\/p><p>\u2013 Utilisation illicite, n\u00e9gligente, frauduleuse ou contraire aux pr\u00e9sentes mentions l\u00e9gales.<\/p><p>\u2013 Le manque de l\u00e9galit\u00e9, de qualit\u00e9, de fiabilit\u00e9, d\u2019utilit\u00e9 et de disponibilit\u00e9 des services fournis par des tiers et mis \u00e0 la disposition des utilisateurs sur ce site Web. Tout dommage pouvant r\u00e9sulter de l\u2019utilisation ill\u00e9gale ou inappropri\u00e9e de ce site Web.<\/p><p><b>POLITIQUE DE CONFIDENTIALIT\u00c9 ET DE PROTECTION DES DONN\u00c9ES<\/b><\/p><p>Ce site Web est conforme \u00e0 la r\u00e9glementation en vigueur en mati\u00e8re de protection des donn\u00e9es, ce qui implique qu&#039;en tant qu&#039;utilisateur, vous devez donner votre consentement expr\u00e8s avant de nous fournir des donn\u00e9es personnelles via les diff\u00e9rents formulaires mis \u00e0 disposition dans les sections de notre page.<\/p><p>Pour cette raison, au nom de la transparence et de l&#039;exercice de vos droits, notre devoir est de vous informer sur les donn\u00e9es personnelles que nous collectons, stockons et traitons et \u00e0 quelles fins, en ayant la possibilit\u00e9 de r\u00e9voquer librement votre consentement \u00e0 tout moment.<\/p><p>Vous pouvez retrouver toutes ces informations dans notre Politique de Confidentialit\u00e9.<\/p><p><b>POLITIQUE DE COOKIES<\/b><\/p><p>Comme nous vous en informons d\u00e8s que vous acc\u00e9dez \u00e0 notre site Web, ce site utilise ses propres cookies et ceux de tiers dans le but de vous offrir la meilleure exp\u00e9rience utilisateur et de d\u00e9velopper notre activit\u00e9.<\/p><p>\u00c0 tout moment, vous aurez la possibilit\u00e9 de configurer votre navigateur pour refuser l&#039;utilisation de ces cookies qui, dans certains cas, affecteront votre exp\u00e9rience utilisateur.<\/p><p>Pour acc\u00e9der aux informations compl\u00e8tes sur l&#039;utilisation des cookies sur ce site, leur finalit\u00e9 et leur rejet, vous pouvez consulter notre Politique de Confidentialit\u00e9.<\/p><p><b>POLITIQUE DE COOKIES. L\u00c9GISLATION APPLICABLE ET JURIDICTION COMP\u00c9TENTE<\/b><\/p><p>Cet avis juridique est soumis \u00e0 la l\u00e9gislation espagnole en vigueur.<\/p><p>Si n\u00e9cessaire, en cas de litige juridique de quelque nature que ce soit, Morat\u00f3 Centre Comercial SL et l&#039;utilisateur, renon\u00e7ant express\u00e9ment \u00e0 toute autre juridiction, se soumettront aux Tribunaux du domicile de l&#039;Utilisateur pour tout litige pouvant survenir.<\/p><p>Dans le cas o\u00f9 l&#039;utilisateur serait domicili\u00e9 hors d&#039;Espagne, Morat\u00f3 Centre Comercial SL et l&#039;utilisateur se soumettront, renon\u00e7ant express\u00e9ment \u00e0 toute autre juridiction, aux tribunaux de Barcelone (Espagne).<\/p><p>Si vous avez des questions sur cet avis juridique, vous pouvez nous envoyer un e-mail \u00e0 info@moratorenovables.com.<\/p>\t\t\t\t\t\t\t\t<\/div>\n\t\t\t\t<\/div>\n\t\t\t\t\t<\/div>\n\t\t<\/div>\n\t\t\t\t\t<\/div>\n\t\t<\/section>\n\t\t\t\t<\/div>","protected":false},"excerpt":{"rendered":"<p>AV\u00cdS LEGAL CONSIDERACIONS GENERALS Aquest Av\u00eds Legal t\u00e9 l&#8217;objectiu d&#8217;informar-te dels teus drets i obligacions com a usuari d&#8217;aquest lloc web. Aqu\u00ed trobar\u00e0s tota la informaci\u00f3 que necessites sobre aquest lloc web, la seva activitat, les dades personals que recapta i la seva finalitat, aix\u00ed com les normes d&#8217;\u00fas que regulen l&#8217;\u00fas d&#8217;aquesta web. En [&hellip;]<\/p>\n","protected":false},"author":2,"featured_media":0,"parent":0,"menu_order":0,"comment_status":"closed","ping_status":"closed","template":"","meta":{"nombre_localidad":"","descripcion_slider":"","texto_anuncio_cta_llamada_a_la_accion":"","texto_seccion_1":"","texto_seccion_2":"","telefono":"","footnotes":""},"class_list":["post-1927","page","type-page","status-publish","hentry"],"_links":{"self":[{"href":"https:\/\/moratorenovables.com\/fr\/wp-json\/wp\/v2\/pages\/1927","targetHints":{"allow":["GET"]}}],"collection":[{"href":"https:\/\/moratorenovables.com\/fr\/wp-json\/wp\/v2\/pages"}],"about":[{"href":"https:\/\/moratorenovables.com\/fr\/wp-json\/wp\/v2\/types\/page"}],"author":[{"embeddable":true,"href":"https:\/\/moratorenovables.com\/fr\/wp-json\/wp\/v2\/users\/2"}],"replies":[{"embeddable":true,"href":"https:\/\/moratorenovables.com\/fr\/wp-json\/wp\/v2\/comments?post=1927"}],"version-history":[{"count":5,"href":"https:\/\/moratorenovables.com\/fr\/wp-json\/wp\/v2\/pages\/1927\/revisions"}],"predecessor-version":[{"id":3024,"href":"https:\/\/moratorenovables.com\/fr\/wp-json\/wp\/v2\/pages\/1927\/revisions\/3024"}],"wp:attachment":[{"href":"https:\/\/moratorenovables.com\/fr\/wp-json\/wp\/v2\/media?parent=1927"}],"curies":[{"name":"wp","href":"https:\/\/api.w.org\/{rel}","templated":true}]}}