{"id":2317,"date":"2023-01-09T11:51:33","date_gmt":"2023-01-09T09:51:33","guid":{"rendered":"https:\/\/blue-ape-385793.hostingersite.com\/?page_id=2317"},"modified":"2023-01-09T11:56:01","modified_gmt":"2023-01-09T09:56:01","slug":"politique-de-confidentialite","status":"publish","type":"page","link":"https:\/\/moratorenovables.com\/fr\/politique-de-confidentialite\/","title":{"rendered":"Politique de confidentialit\u00e9"},"content":{"rendered":"<div data-elementor-type=\"wp-page\" data-elementor-id=\"2317\" class=\"elementor elementor-2317\" data-elementor-post-type=\"page\">\n\t\t\t\t\t\t<section class=\"elementor-section elementor-top-section elementor-element elementor-element-c3f8d45 elementor-section-boxed elementor-section-height-default elementor-section-height-default\" data-id=\"c3f8d45\" data-element_type=\"section\" data-e-type=\"section\" data-settings=\"{&quot;jet_parallax_layout_list&quot;:[],&quot;background_background&quot;:&quot;gradient&quot;}\">\n\t\t\t\t\t\t<div class=\"elementor-container elementor-column-gap-no\">\n\t\t\t\t\t<div class=\"elementor-column elementor-col-100 elementor-top-column elementor-element elementor-element-4aa80d5\" data-id=\"4aa80d5\" data-element_type=\"column\" data-e-type=\"column\">\n\t\t\t<div class=\"elementor-widget-wrap elementor-element-populated\">\n\t\t\t\t\t\t<div class=\"elementor-element elementor-element-83e4721 elementor-invisible elementor-widget elementor-widget-heading\" data-id=\"83e4721\" data-element_type=\"widget\" data-e-type=\"widget\" data-settings=\"{&quot;_animation&quot;:&quot;fadeInDown&quot;}\" data-widget_type=\"heading.default\">\n\t\t\t\t<div class=\"elementor-widget-container\">\n\t\t\t\t\t<h2 class=\"elementor-heading-title elementor-size-default\">POLITIQUE DE CONFIDENTIALIT\u00c9<\/h2>\t\t\t\t<\/div>\n\t\t\t\t<\/div>\n\t\t\t\t\t<\/div>\n\t\t<\/div>\n\t\t\t\t\t<\/div>\n\t\t<\/section>\n\t\t\t\t<section class=\"elementor-section elementor-top-section elementor-element elementor-element-b46a06b elementor-section-boxed elementor-section-height-default elementor-section-height-default\" data-id=\"b46a06b\" data-element_type=\"section\" data-e-type=\"section\" data-settings=\"{&quot;jet_parallax_layout_list&quot;:[]}\">\n\t\t\t\t\t\t<div class=\"elementor-container elementor-column-gap-default\">\n\t\t\t\t\t<div class=\"elementor-column elementor-col-100 elementor-top-column elementor-element elementor-element-a62634f\" data-id=\"a62634f\" data-element_type=\"column\" data-e-type=\"column\">\n\t\t\t<div class=\"elementor-widget-wrap elementor-element-populated\">\n\t\t\t\t\t\t<div class=\"elementor-element elementor-element-f02071c elementor-widget elementor-widget-text-editor\" data-id=\"f02071c\" data-element_type=\"widget\" data-e-type=\"widget\" data-widget_type=\"text-editor.default\">\n\t\t\t\t<div class=\"elementor-widget-container\">\n\t\t\t\t\t\t\t\t\t<p><strong>CONSID\u00c9RATIONS G\u00c9N\u00c9RALES<\/strong><\/p><p>Si vous \u00eates ici, c&#039;est parce que vous souhaitez en savoir plus sur les obligations et les droits qui vous correspondent en tant qu&#039;utilisateur de ce site Web www.moratorenovables.com et c&#039;est tr\u00e8s bien. Notre devoir est de vous informer et que vous soyez d\u00fbment inform\u00e9.<\/p><p>Dans cette politique de confidentialit\u00e9, nous vous informerons en toute transparence sur l&#039;objectif de ce site Web et sur tout ce qui affecte les donn\u00e9es que vous nous fournissez, ainsi que sur les obligations et les droits qui vous correspondent.<\/p><p>Pour commencer, vous devez savoir que ce site Web est conforme \u00e0 la r\u00e9glementation en vigueur en mati\u00e8re de protection des donn\u00e9es, qui affecte les donn\u00e9es personnelles que vous nous fournissez avec votre consentement expr\u00e8s et les cookies que nous utilisons pour que ce site Web fonctionne correctement et puisse mener \u00e0 bien son activit\u00e9.<\/p><p>Plus pr\u00e9cis\u00e9ment, ce site Web est conforme aux r\u00e9glementations suivantes :<\/p><p>\u2013 Le RGPD (R\u00e8glement (UE) 2016\/679 du Parlement europ\u00e9en et du Conseil du 27 avril 2016 relatif \u00e0 la protection des personnes physiques) qui est le nouveau r\u00e8glement de l\u2019Union europ\u00e9enne qui unifie la r\u00e9glementation du traitement des donn\u00e9es personnelles dans les diff\u00e9rents pays de l\u2019UE.<\/p><p>\u2013 La LOPD (Loi Organique 15\/1999, du 13 d\u00e9cembre, sur la Protection des Donn\u00e9es Personnelles et D\u00e9cret Royal 1720\/2007, du 21 d\u00e9cembre, R\u00e8glement d\u2019application de la LOPD) qui r\u00e9glemente le traitement des donn\u00e9es personnelles et les obligations que les responsables d\u2019un site Web ou d\u2019un blog doivent assumer lors de la gestion de ces informations.<\/p><p>\u2013 La LSSI (Loi 34\/2002, du 11 juillet, sur les Services de la Soci\u00e9t\u00e9 de l\u2019Information et du Commerce \u00c9lectronique) qui r\u00e9glemente les transactions \u00e9conomiques par voie \u00e9lectronique, comme c\u2019est le cas de ce blog.<\/p><p><strong>DONN\u00c9ES D&#039;IDENTIFICATION<\/strong><\/p><p>La personne responsable et propri\u00e9taire de ce site Web est (www.moratorenovables.com)<\/p><p>\u2013 Nom : Centre Commercial Morat\u00f3 SL<\/p><p>\u2013 NIF : B61538782<\/p><p>\u2013 Si\u00e8ge social : Avenue Tarragona 4 08720 Vilafranca del Pened\u00e8s<\/p><p>\u2013 Activit\u00e9 du site : vente et installation de syst\u00e8mes d\u2019\u00e9nergie renouvelable et durable, notamment photovolta\u00efque<\/p><p>\u2013 Courriel : info@moratorenovables.com<\/p><p>Les donn\u00e9es que vous nous fournissez avec votre consentement, et conform\u00e9ment \u00e0 l&#039;utilisation \u00e9tablie dans la pr\u00e9sente politique de confidentialit\u00e9, seront incorpor\u00e9es dans un fichier automatis\u00e9 d\u00fbment enregistr\u00e9 aupr\u00e8s de l&#039;Agence espagnole de protection des donn\u00e9es, dans lequel le responsable de ce fichier est : Morat\u00f3 Centre Comercial SL. Cela signifie que vos donn\u00e9es sont s\u00e9curis\u00e9es, conform\u00e9ment aux dispositions de la loi.<\/p><p>Les donn\u00e9es personnelles que vous nous fournissez, toujours avec votre consentement expr\u00e8s, seront stock\u00e9es et trait\u00e9es aux fins pr\u00e9vues et d\u00e9crites ci-dessous dans la pr\u00e9sente Politique de Confidentialit\u00e9, jusqu&#039;\u00e0 ce que vous nous demandiez de les supprimer.<\/p><p>Nous vous informons que cette politique de confidentialit\u00e9 peut \u00eatre modifi\u00e9e \u00e0 tout moment, afin de l&#039;adapter \u00e0 la nouvelle l\u00e9gislation ou aux changements dans nos activit\u00e9s, celle publi\u00e9e sur le site Web \u00e9tant \u00e0 tout moment en vigueur. Vous serez inform\u00e9 de cette modification avant qu&#039;elle ne soit mise en \u0153uvre.<\/p><p><strong>CONDITIONS D&#039;UTILISATION<\/strong><\/p><p>Vous devez savoir, pour votre tranquillit\u00e9 d&#039;esprit, que nous vous demanderons toujours votre consentement expr\u00e8s pour collecter vos donn\u00e9es aux fins correspondantes sp\u00e9cifi\u00e9es dans chaque cas, ce qui implique que, si vous accordez ce consentement, vous avez lu et accept\u00e9 cette politique de confidentialit\u00e9.<\/p><p>D\u00e8s que vous acc\u00e9dez \u00e0 ce site Web et l&#039;utilisez, vous assumez votre statut d&#039;utilisateur avec vos droits et obligations correspondants.<\/p><p>Si vous avez plus de 13 ans, vous pouvez vous inscrire en tant qu&#039;utilisateur sur ce site Web sans le consentement pr\u00e9alable de vos parents ou tuteurs.<\/p><p>Si vous avez moins de 13 ans, vous aurez besoin du consentement de vos parents ou tuteurs pour le traitement de vos donn\u00e9es personnelles.<\/p><p><strong>ENREGISTREMENT ET EXACTITUDE DES DONN\u00c9ES D&#039;ENREGISTREMENT<\/strong><\/p><p>En fonction du formulaire ou de la section \u00e0 laquelle vous acc\u00e9dez, nous ne demanderons que les donn\u00e9es n\u00e9cessaires aux fins d\u00e9crites ci-dessous. \u00c0 tout moment, vous devez donner votre consentement expr\u00e8s lorsque nous vous demandons des renseignements personnels aux fins suivantes :<\/p><p>\u2013 Les finalit\u00e9s sp\u00e9cifiques qui sont particuli\u00e8rement indiqu\u00e9es sur chacune des pages ou sections o\u00f9 appara\u00eet le formulaire \u00e9lectronique d\u2019inscription ou de contact.<\/p><p>\u2013 En g\u00e9n\u00e9ral, pour r\u00e9pondre \u00e0 vos demandes, commentaires, requ\u00eates ou tout type de demande que vous faites en tant qu\u2019utilisateur via l\u2019un des moyens de contact que nous mettons \u00e0 votre disposition.<\/p><p>\u2013 Pour vous informer sur des questions, des demandes, des activit\u00e9s, des produits, des actualit\u00e9s et\/ou des services ; par e-mail, fax, Whatsapp, Skype, t\u00e9l\u00e9phone fourni, sms et mms.<\/p><p>\u2013 Vous envoyer des communications commerciales ou publicitaires par tout autre moyen \u00e9lectronique ou physique permettant d\u2019effectuer des communications.<\/p><p>Ces communications seront toujours li\u00e9es \u00e0 nos produits, services, nouveaux produits ou promotions, ainsi qu&#039;aux produits ou services que nous pourrions consid\u00e9rer comme int\u00e9ressants pour vous et qui pourraient \u00eatre propos\u00e9s par des collaborateurs, des entreprises ou des \u00ab partenaires \u00bb avec lesquels nous avons des accords de collaboration promotionnelle ou commerciale.<\/p><p>Dans ce cas, nous garantissons que ces tiers n&#039;auront jamais acc\u00e8s \u00e0 vos donn\u00e9es personnelles, \u00e0 l&#039;exception des exceptions refl\u00e9t\u00e9es ci-dessous, dans tous les cas ces communications \u00e9tant effectu\u00e9es par Morat\u00f3 Centre Comercial SL, en tant que propri\u00e9taire du site Web.<\/p><p>Ce site Web peut afficher des produits affili\u00e9s \u00e0 des tiers. Cela signifie que lorsque vous cliquez sur \u00ab\u00a0Acheter maintenant\u00a0\u00bb ou similaire, vous serez redirig\u00e9 vers la page o\u00f9 les produits sont propos\u00e9s.<\/p><p>Dans ce cas, vous devez savoir que nous fournissons et facilitons uniquement les liens vers les pages et\/ou plateformes de ces tiers o\u00f9 les produits que nous pr\u00e9sentons peuvent \u00eatre achet\u00e9s, afin de faciliter la recherche et l&#039;acquisition facile de ceux-ci.<\/p><p>Ces pages li\u00e9es appartenant \u00e0 des tiers n&#039;ont pas \u00e9t\u00e9 r\u00e9vis\u00e9es ni soumises \u00e0 des contr\u00f4les ou recommandations de notre part, donc en aucun cas Morat\u00f3 Centre Comercial SL ne sera consid\u00e9r\u00e9 comme responsable du contenu de ces sites Web, des responsabilit\u00e9s d\u00e9coulant de leur utilisation dans tous les domaines, ni des mesures adopt\u00e9es concernant la confidentialit\u00e9 de l&#039;utilisateur, le traitement de ses donn\u00e9es personnelles ou autres qui pourraient \u00eatre \u00e9tablies.<\/p><p>Pour tout cela, nous vous recommandons de lire attentivement et \u00e0 l&#039;avance toutes les conditions d&#039;utilisation, conditions d&#039;achat, politiques de confidentialit\u00e9, mentions l\u00e9gales et\/ou similaires de ces sites li\u00e9s avant de proc\u00e9der \u00e0 l&#039;acquisition de ces produits ou \u00e0 l&#039;utilisation des sites Web.<\/p><p><strong>EXACTITUDE ET V\u00c9RIT\u00c9 DES DONN\u00c9ES<\/strong><\/p><p>En tant qu&#039;utilisateur, vous \u00eates seul responsable de la v\u00e9racit\u00e9 et de la modification des donn\u00e9es que vous soumettez \u00e0 www.moratorenovables.com, nous exon\u00e9rant de toute responsabilit\u00e9 \u00e0 ce sujet.<\/p><p>C&#039;est-\u00e0-dire qu&#039;il vous appartient de garantir et de r\u00e9pondre dans tous les cas de l&#039;exactitude, de la validit\u00e9 et de l&#039;authenticit\u00e9 des donn\u00e9es personnelles fournies, et vous vous engagez \u00e0 les tenir d\u00fbment \u00e0 jour.<\/p><p>Conform\u00e9ment aux dispositions de la pr\u00e9sente Politique de Confidentialit\u00e9, vous vous engagez \u00e0 fournir des informations compl\u00e8tes et correctes dans le formulaire de contact ou d&#039;inscription.<\/p><p><strong>ANNULATIONS D&#039;ABONNEMENT ET DROIT DE R\u00c9VOCATION<\/strong><\/p><p>En tant que propri\u00e9taire des donn\u00e9es que vous nous avez fournies, vous pouvez exercer vos droits d&#039;acc\u00e8s, de rectification, d&#039;annulation et d&#039;opposition \u00e0 tout moment, en nous envoyant un courrier \u00e9lectronique \u00e0 info@moratorenovables.com et en joignant une photocopie de votre pi\u00e8ce d&#039;identit\u00e9 comme preuve valable.<\/p><p>De m\u00eame, vous pouvez vous d\u00e9sinscrire \u00e0 tout moment pour ne plus recevoir notre newsletter ou toute autre communication commerciale, directement depuis le m\u00eame email que vous avez re\u00e7u ou en nous envoyant un email \u00e0 info@moratorenovables.com.<\/p><p><strong>ACC\u00c8S AUX DONN\u00c9ES POUR LE COMPTE DE TIERS<\/strong><\/p><p>Afin de fournir les services strictement n\u00e9cessaires au fonctionnement et au d\u00e9veloppement des activit\u00e9s de ce site Web, nous vous informons que nous partageons des donn\u00e9es avec les prestataires de services suivants dans leurs conditions de confidentialit\u00e9 correspondantes.<\/p><p>Vous pouvez avoir une totale tranquillit\u00e9 d&#039;esprit : ces tiers ne pourront pas utiliser ces informations \u00e0 d&#039;autres fins qui ne sont pas sp\u00e9cifiquement r\u00e9glement\u00e9es dans nos relations avec eux en vertu de la r\u00e9glementation applicable en mati\u00e8re de protection des donn\u00e9es personnelles.<\/p><p>Ce site Web est h\u00e9berg\u00e9 par PENED\u00c8S WEB, qui fournit des services d&#039;h\u00e9bergement pour que vous puissiez acc\u00e9der et naviguer sur notre site. Vous pouvez consulter la politique de confidentialit\u00e9 et d&#039;autres aspects juridiques de cette soci\u00e9t\u00e9 sur le lien suivant : https:\/\/penedesweb.cat<\/p><p>Notre site Web utilise des serveurs publicitaires afin de fournir le contenu commercial que vous consultez sur nos pages. Ces serveurs publicitaires utilisent des cookies qui leur permettent d&#039;adapter le contenu publicitaire aux profils d\u00e9mographiques des utilisateurs.<\/p><p><strong>GOOGLE ANALYTICS :<\/strong><\/p><p>Google Analytics est un service d&#039;analyse Web fourni par Google, Inc., une soci\u00e9t\u00e9 du Delaware dont le si\u00e8ge social est situ\u00e9 au 1600 Amphitheatre Parkway, Mountain View (Californie), CA 94043, \u00c9tats-Unis (\u00ab Google \u00bb).<\/p><p>Google Analytics utilise des \u00ab cookies \u00bb, qui sont des fichiers texte plac\u00e9s sur votre ordinateur, pour aider le site Web \u00e0 analyser la fa\u00e7on dont les utilisateurs utilisent le site Web.<\/p><p>Les informations g\u00e9n\u00e9r\u00e9es par le cookie concernant votre utilisation du site Web (y compris votre adresse IP) seront directement transmises et archiv\u00e9es par Google. Google utilisera ces informations en notre nom dans le but de suivre votre utilisation du site Web, de compiler des rapports sur l&#039;activit\u00e9 du site Web et de fournir d&#039;autres services li\u00e9s \u00e0 l&#039;activit\u00e9 du site Web et \u00e0 l&#039;utilisation d&#039;Internet.<\/p><p>Google peut transmettre ces informations \u00e0 des tiers lorsque la loi l&#039;exige ou lorsque ces tiers traitent ces informations pour le compte de Google. Google n&#039;associera pas votre adresse IP \u00e0 d&#039;autres donn\u00e9es dont il dispose.<\/p><p>En tant qu&#039;utilisateur, et dans l&#039;exercice de vos droits, vous pouvez refuser le traitement des donn\u00e9es ou des informations en refusant l&#039;utilisation de cookies en s\u00e9lectionnant les param\u00e8tres appropri\u00e9s de votre navigateur, cependant, vous devez savoir que si vous le faites, vous ne pourrez peut-\u00eatre pas utiliser toutes les fonctionnalit\u00e9s de ce site Web.<\/p><p>En utilisant ce site Web, conform\u00e9ment aux informations fournies dans la pr\u00e9sente politique de confidentialit\u00e9, vous acceptez le traitement des donn\u00e9es par Google de la mani\u00e8re et aux fins indiqu\u00e9es.<\/p><p>Pour plus d&#039;informations, vous pouvez consulter la politique de confidentialit\u00e9 de Google \u00e0 l&#039;adresse https:\/\/www.google.com\/intl\/es\/policies\/privacy\/.<\/p><p><strong>GOOGLE ADSENSE :<\/strong><\/p><p>Google, en tant que fournisseur partenaire, utilise des cookies pour diffuser des annonces sur ce site Web. Vous pouvez d\u00e9sactiver l&#039;utilisation du cookie DART via la publicit\u00e9 Google et en acc\u00e9dant \u00e0 la politique de confidentialit\u00e9 du r\u00e9seau de contenu : https:\/\/www.google.com\/intl\/es\/policies\/privacy\/.<\/p><p>Google utilise des soci\u00e9t\u00e9s de publicit\u00e9 partenaires pour diffuser des annonces lorsque vous visitez notre site Web. Ces soci\u00e9t\u00e9s peuvent utiliser les informations qu&#039;elles obtiennent lors de vos visites sur ce site Web et sur d&#039;autres sites Web (\u00e0 l&#039;exclusion de votre nom, adresse, adresse e-mail ou num\u00e9ro de t\u00e9l\u00e9phone) pour vous fournir des publicit\u00e9s sur des produits et services susceptibles de vous int\u00e9resser.<\/p><p>En utilisant ce site Web, vous consentez au traitement des donn\u00e9es par Google de la mani\u00e8re et aux fins indiqu\u00e9es.<\/p><p>Si vous souhaitez en savoir plus sur l&#039;utilisation des cookies et les pratiques de collecte d&#039;informations et les proc\u00e9dures d&#039;acceptation ou de refus, veuillez consulter notre POLITIQUE DE COOKIES.<\/p><p><strong>MESURES DE S\u00c9CURIT\u00c9<\/strong><\/p><p>En tant que propri\u00e9taire du site Web, Morat\u00f3 Centre Comercial SL a adopt\u00e9 toutes les mesures techniques et organisationnelles n\u00e9cessaires pour garantir la s\u00e9curit\u00e9 et l&#039;int\u00e9grit\u00e9 des donn\u00e9es personnelles qu&#039;elle traite, ainsi que pour emp\u00eacher leur perte, leur alt\u00e9ration et\/ou leur acc\u00e8s par des tiers non autoris\u00e9s.<\/p><p>Nous vous rappelons que, pour plus d&#039;informations, vous pouvez consulter nos pages Mentions l\u00e9gales et Politique de cookies.<\/p>\t\t\t\t\t\t\t\t<\/div>\n\t\t\t\t<\/div>\n\t\t\t\t\t<\/div>\n\t\t<\/div>\n\t\t\t\t\t<\/div>\n\t\t<\/section>\n\t\t\t\t<\/div>","protected":false},"excerpt":{"rendered":"<p>POL\u00cdTICA DE PRIVACITAT CONSIDERACIONS GENERALS Si ets aqu\u00ed \u00e9s perqu\u00e8 vols saber m\u00e9s sobre les obligacions i drets que et corresponen com a usuari d&#8217;aquesta web www.moratorenovables.com i aix\u00f2 est\u00e0 molt b\u00e9. El nostre deure \u00e9s informar-te i el teu estar degudament informat. En aquesta Pol\u00edtica de Privacitat t&#8217;informarem amb total transpar\u00e8ncia sobre la finalitat [&hellip;]<\/p>\n","protected":false},"author":2,"featured_media":0,"parent":0,"menu_order":0,"comment_status":"closed","ping_status":"closed","template":"","meta":{"nombre_localidad":"","descripcion_slider":"","texto_anuncio_cta_llamada_a_la_accion":"","texto_seccion_1":"","texto_seccion_2":"","telefono":"","footnotes":""},"class_list":["post-2317","page","type-page","status-publish","hentry"],"_links":{"self":[{"href":"https:\/\/moratorenovables.com\/fr\/wp-json\/wp\/v2\/pages\/2317","targetHints":{"allow":["GET"]}}],"collection":[{"href":"https:\/\/moratorenovables.com\/fr\/wp-json\/wp\/v2\/pages"}],"about":[{"href":"https:\/\/moratorenovables.com\/fr\/wp-json\/wp\/v2\/types\/page"}],"author":[{"embeddable":true,"href":"https:\/\/moratorenovables.com\/fr\/wp-json\/wp\/v2\/users\/2"}],"replies":[{"embeddable":true,"href":"https:\/\/moratorenovables.com\/fr\/wp-json\/wp\/v2\/comments?post=2317"}],"version-history":[{"count":4,"href":"https:\/\/moratorenovables.com\/fr\/wp-json\/wp\/v2\/pages\/2317\/revisions"}],"predecessor-version":[{"id":2340,"href":"https:\/\/moratorenovables.com\/fr\/wp-json\/wp\/v2\/pages\/2317\/revisions\/2340"}],"wp:attachment":[{"href":"https:\/\/moratorenovables.com\/fr\/wp-json\/wp\/v2\/media?parent=2317"}],"curies":[{"name":"wp","href":"https:\/\/api.w.org\/{rel}","templated":true}]}}