{"id":850,"date":"2022-07-04T09:51:04","date_gmt":"2022-07-04T07:51:04","guid":{"rendered":"https:\/\/blue-ape-385793.hostingersite.com\/?page_id=850"},"modified":"2024-03-25T07:12:53","modified_gmt":"2024-03-25T05:12:53","slug":"qui-nous-sommes","status":"publish","type":"page","link":"https:\/\/moratorenovables.com\/fr\/qui-nous-sommes\/","title":{"rendered":"Qui sommes-nous"},"content":{"rendered":"<div data-elementor-type=\"wp-page\" data-elementor-id=\"850\" class=\"elementor elementor-850\" data-elementor-post-type=\"page\">\n\t\t\t\t\t\t<section class=\"elementor-section elementor-top-section elementor-element elementor-element-b24d1a8 elementor-section-boxed elementor-section-height-default elementor-section-height-default\" data-id=\"b24d1a8\" data-element_type=\"section\" data-e-type=\"section\" data-settings=\"{&quot;jet_parallax_layout_list&quot;:[],&quot;background_background&quot;:&quot;gradient&quot;}\">\n\t\t\t\t\t\t<div class=\"elementor-container elementor-column-gap-no\">\n\t\t\t\t\t<div class=\"elementor-column elementor-col-100 elementor-top-column elementor-element elementor-element-d18690b\" data-id=\"d18690b\" data-element_type=\"column\" data-e-type=\"column\">\n\t\t\t<div class=\"elementor-widget-wrap elementor-element-populated\">\n\t\t\t\t\t\t<div class=\"elementor-element elementor-element-bc05f0d elementor-invisible elementor-widget elementor-widget-heading\" data-id=\"bc05f0d\" data-element_type=\"widget\" data-e-type=\"widget\" data-settings=\"{&quot;_animation&quot;:&quot;fadeInDown&quot;}\" data-widget_type=\"heading.default\">\n\t\t\t\t<div class=\"elementor-widget-container\">\n\t\t\t\t\t<h2 class=\"elementor-heading-title elementor-size-default\">QUI SOMMES-NOUS<\/h2>\t\t\t\t<\/div>\n\t\t\t\t<\/div>\n\t\t\t\t\t<\/div>\n\t\t<\/div>\n\t\t\t\t\t<\/div>\n\t\t<\/section>\n\t\t\t\t<section class=\"elementor-section elementor-top-section elementor-element elementor-element-68a5a87 elementor-section-boxed elementor-section-height-default elementor-section-height-default\" data-id=\"68a5a87\" data-element_type=\"section\" data-e-type=\"section\" data-settings=\"{&quot;jet_parallax_layout_list&quot;:[]}\">\n\t\t\t\t\t\t<div class=\"elementor-container elementor-column-gap-default\">\n\t\t\t\t\t<div class=\"elementor-column elementor-col-100 elementor-top-column elementor-element elementor-element-59f571d\" data-id=\"59f571d\" data-element_type=\"column\" data-e-type=\"column\">\n\t\t\t<div class=\"elementor-widget-wrap elementor-element-populated\">\n\t\t\t\t\t\t<div class=\"elementor-element elementor-element-ea2896c elementor-widget elementor-widget-text-editor\" data-id=\"ea2896c\" data-element_type=\"widget\" data-e-type=\"widget\" data-widget_type=\"text-editor.default\">\n\t\t\t\t<div class=\"elementor-widget-container\">\n\t\t\t\t\t\t\t\t\t<p>Nous voulons vous aider \u00e0 r\u00e9aliser la transition \u00e9nerg\u00e9tique n\u00e9cessaire.<br \/>Nous sommes \u00e0 votre service comme nous l&#039;avons toujours fait, depuis 1953.<\/p>\t\t\t\t\t\t\t\t<\/div>\n\t\t\t\t<\/div>\n\t\t\t\t\t<\/div>\n\t\t<\/div>\n\t\t\t\t\t<\/div>\n\t\t<\/section>\n\t\t\t\t<section class=\"elementor-section elementor-top-section elementor-element elementor-element-604badf elementor-section-boxed elementor-section-height-default elementor-section-height-default\" data-id=\"604badf\" data-element_type=\"section\" data-e-type=\"section\" data-settings=\"{&quot;jet_parallax_layout_list&quot;:[]}\">\n\t\t\t\t\t\t<div class=\"elementor-container elementor-column-gap-default\">\n\t\t\t\t\t<div class=\"elementor-column elementor-col-100 elementor-top-column elementor-element elementor-element-1f946bc\" data-id=\"1f946bc\" data-element_type=\"column\" data-e-type=\"column\">\n\t\t\t<div class=\"elementor-widget-wrap elementor-element-populated\">\n\t\t\t\t\t\t<div class=\"elementor-element elementor-element-044275c elementor-widget elementor-widget-text-editor\" data-id=\"044275c\" data-element_type=\"widget\" data-e-type=\"widget\" data-widget_type=\"text-editor.default\">\n\t\t\t\t<div class=\"elementor-widget-container\">\n\t\t\t\t\t\t\t\t\t<p><strong>Une entreprise familiale avec une histoire\u00a0<\/strong><br \/>L&#039;activit\u00e9 commerciale de la famille Morat\u00f3 a d\u00e9but\u00e9 en 1953. Depuis sa fondation et au fil des ann\u00e9es, les valeurs de <strong>proximit\u00e9, simplicit\u00e9 et service dans les moindres d\u00e9tails<\/strong>, font partie de la culture d\u2019entreprise de l\u2019entreprise. Et toujours en s&#039;adaptant aux besoins technologiques de chaque instant.<\/p>\t\t\t\t\t\t\t\t<\/div>\n\t\t\t\t<\/div>\n\t\t\t\t\t<\/div>\n\t\t<\/div>\n\t\t\t\t\t<\/div>\n\t\t<\/section>\n\t\t\t\t<section class=\"elementor-section elementor-top-section elementor-element elementor-element-c63aaa4 elementor-section-boxed elementor-section-height-default elementor-section-height-default\" data-id=\"c63aaa4\" data-element_type=\"section\" data-e-type=\"section\" data-settings=\"{&quot;jet_parallax_layout_list&quot;:[],&quot;background_background&quot;:&quot;classic&quot;}\">\n\t\t\t\t\t\t<div class=\"elementor-container elementor-column-gap-default\">\n\t\t\t\t\t<div class=\"elementor-column elementor-col-100 elementor-top-column elementor-element elementor-element-f652ec6\" data-id=\"f652ec6\" data-element_type=\"column\" data-e-type=\"column\">\n\t\t\t<div class=\"elementor-widget-wrap elementor-element-populated\">\n\t\t\t\t\t\t<div class=\"elementor-element elementor-element-e6f7837 elementor-widget elementor-widget-text-editor\" data-id=\"e6f7837\" data-element_type=\"widget\" data-e-type=\"widget\" data-widget_type=\"text-editor.default\">\n\t\t\t\t<div class=\"elementor-widget-container\">\n\t\t\t\t\t\t\t\t\t<p><strong>Avec un \u0153il sur les besoins du pr\u00e9sent et du futur !<\/strong><br \/>\u00c9tant donn\u00e9 le grand nombre de d\u00e9fis auxquels nous sommes confront\u00e9s en tant que soci\u00e9t\u00e9, nous comprenons que <strong>d\u00e9fi \u00e9nerg\u00e9tique durable<\/strong> est un point cl\u00e9 non seulement dans les entreprises mais aussi dans chacun de nous <strong>notre quotidien.<\/strong><\/p>\t\t\t\t\t\t\t\t<\/div>\n\t\t\t\t<\/div>\n\t\t\t\t\t<\/div>\n\t\t<\/div>\n\t\t\t\t\t<\/div>\n\t\t<\/section>\n\t\t\t\t<section class=\"elementor-section elementor-top-section elementor-element elementor-element-870bf9c elementor-section-boxed elementor-section-height-default elementor-section-height-default\" data-id=\"870bf9c\" data-element_type=\"section\" data-e-type=\"section\" data-settings=\"{&quot;jet_parallax_layout_list&quot;:[]}\">\n\t\t\t\t\t\t<div class=\"elementor-container elementor-column-gap-default\">\n\t\t\t\t\t<div class=\"elementor-column elementor-col-100 elementor-top-column elementor-element elementor-element-3989528\" data-id=\"3989528\" data-element_type=\"column\" data-e-type=\"column\">\n\t\t\t<div class=\"elementor-widget-wrap elementor-element-populated\">\n\t\t\t\t\t\t<div class=\"elementor-element elementor-element-6a30e15 elementor-widget elementor-widget-text-editor\" data-id=\"6a30e15\" data-element_type=\"widget\" data-e-type=\"widget\" data-widget_type=\"text-editor.default\">\n\t\t\t\t<div class=\"elementor-widget-container\">\n\t\t\t\t\t\t\t\t\t<p>C&#039;est ici que nous pouvons vous apporter une valeur diff\u00e9rentielle, <strong>vous aider<\/strong> dans cette transition \u00e9nerg\u00e9tique. <span style=\"color: #619f3c;\"><strong>R\u00e9alisons ensemble la transformation photovolta\u00efque.<\/strong><\/span><\/p><p>Par cons\u00e9quent, en appliquant notre culture d\u2019entreprise \u00e0 la situation actuelle, <strong>Morat\u00f3 Renovables est n\u00e9.<\/strong><\/p><p>Plus pr\u00e9cis\u00e9ment, nous avons d\u00e9cid\u00e9 que le meilleur moment pour entreprendre ce projet passionnant est <strong>\u00e0 partir de la modification de la loi injuste de la \u00ab taxe solaire \u00bb.<\/strong>\u00a0 Cette modification permet aux particuliers et aux PME de vendre l\u2019\u00e9nergie photovolta\u00efque exc\u00e9dentaire \u00e0 des prix raisonnables, \u00e9liminant ainsi la bureaucratie qui la rendait jusqu\u2019\u00e0 pr\u00e9sent \u00e9conomiquement non viable.<\/p>\t\t\t\t\t\t\t\t<\/div>\n\t\t\t\t<\/div>\n\t\t\t\t\t<\/div>\n\t\t<\/div>\n\t\t\t\t\t<\/div>\n\t\t<\/section>\n\t\t\t\t<section class=\"elementor-section elementor-top-section elementor-element elementor-element-2dabc81 elementor-section-boxed elementor-section-height-default elementor-section-height-default\" data-id=\"2dabc81\" data-element_type=\"section\" data-e-type=\"section\" data-settings=\"{&quot;jet_parallax_layout_list&quot;:[]}\">\n\t\t\t\t\t\t<div class=\"elementor-container elementor-column-gap-wider\">\n\t\t\t\t\t<div class=\"elementor-column elementor-col-50 elementor-top-column elementor-element elementor-element-dbb08b6\" data-id=\"dbb08b6\" data-element_type=\"column\" data-e-type=\"column\">\n\t\t\t<div class=\"elementor-widget-wrap elementor-element-populated\">\n\t\t\t\t\t\t<div class=\"elementor-element elementor-element-24e84bf elementor-widget elementor-widget-image\" data-id=\"24e84bf\" data-element_type=\"widget\" data-e-type=\"widget\" data-widget_type=\"image.default\">\n\t\t\t\t<div class=\"elementor-widget-container\">\n\t\t\t\t\t\t\t\t\t\t\t\t\t\t\t<img decoding=\"async\" src=\"https:\/\/moratorenovables.com\/wp-content\/uploads\/elementor\/thumbs\/marc_vicente_morato-rmmesu19mj717v4jmzzzwzkr1lex7r5ur2w56nihu8.jpg\" title=\"\" alt=\"\" loading=\"lazy\">\t\t\t\t\t\t\t\t\t\t\t\t\t\t\t<\/div>\n\t\t\t\t<\/div>\n\t\t\t\t\t<\/div>\n\t\t<\/div>\n\t\t\t\t<div class=\"elementor-column elementor-col-50 elementor-top-column elementor-element elementor-element-953146c\" data-id=\"953146c\" data-element_type=\"column\" data-e-type=\"column\">\n\t\t\t<div class=\"elementor-widget-wrap elementor-element-populated\">\n\t\t\t\t\t\t<div class=\"elementor-element elementor-element-6baee27 elementor-widget elementor-widget-text-editor\" data-id=\"6baee27\" data-element_type=\"widget\" data-e-type=\"widget\" data-widget_type=\"text-editor.default\">\n\t\t\t\t<div class=\"elementor-widget-container\">\n\t\t\t\t\t\t\t\t\t<p><span style=\"color: #619f3c;\"><strong>Morat\u00f3 Renovables<\/strong><\/span> est un projet men\u00e9 par <strong>Marc Vicente i Morat\u00f3<\/strong>.<br \/>En Marc, il est titulaire d&#039;un dipl\u00f4me d&#039;ing\u00e9nieur industriel avec un dipl\u00f4me de troisi\u00e8me cycle en \u00e9nergie photovolta\u00efque et plus de 3 ans d&#039;exp\u00e9rience dans le secteur photovolta\u00efque dans des entreprises publiques.<br \/>D\u00e8s le plus jeune \u00e2ge, c&#039;est <strong>passionn\u00e9 <\/strong>savoir comment les choses fonctionnent et dans <strong>am\u00e9liorer la vie des gens gr\u00e2ce \u00e0 la technologie.<\/strong><br \/>Professionnellement, son\/sa <strong>exp\u00e9rience internationale<\/strong> en conseil et recherche technologique.\u00a0<\/p>\t\t\t\t\t\t\t\t<\/div>\n\t\t\t\t<\/div>\n\t\t\t\t\t<\/div>\n\t\t<\/div>\n\t\t\t\t\t<\/div>\n\t\t<\/section>\n\t\t\t\t<section class=\"elementor-section elementor-top-section elementor-element elementor-element-bee1dfd elementor-section-height-min-height elementor-section-boxed elementor-section-height-default elementor-section-items-middle\" data-id=\"bee1dfd\" data-element_type=\"section\" data-e-type=\"section\" data-settings=\"{&quot;jet_parallax_layout_list&quot;:[],&quot;background_background&quot;:&quot;classic&quot;}\">\n\t\t\t\t\t\t<div class=\"elementor-container elementor-column-gap-default\">\n\t\t\t\t\t<div class=\"elementor-column elementor-col-100 elementor-top-column elementor-element elementor-element-8f37b70\" data-id=\"8f37b70\" data-element_type=\"column\" data-e-type=\"column\">\n\t\t\t<div class=\"elementor-widget-wrap elementor-element-populated\">\n\t\t\t\t\t\t<div class=\"elementor-element elementor-element-ddede1d elementor-widget elementor-widget-heading\" data-id=\"ddede1d\" data-element_type=\"widget\" data-e-type=\"widget\" data-widget_type=\"heading.default\">\n\t\t\t\t<div class=\"elementor-widget-container\">\n\t\t\t\t\t<h2 class=\"elementor-heading-title elementor-size-default\">Il est temps de r\u00e9pondre aux besoins \u00e9nerg\u00e9tiques et environnementaux.<\/h2>\t\t\t\t<\/div>\n\t\t\t\t<\/div>\n\t\t\t\t<div class=\"elementor-element elementor-element-9f940f9 elementor-widget elementor-widget-heading\" data-id=\"9f940f9\" data-element_type=\"widget\" data-e-type=\"widget\" data-widget_type=\"heading.default\">\n\t\t\t\t<div class=\"elementor-widget-container\">\n\t\t\t\t\t<h2 class=\"elementor-heading-title elementor-size-default\">R\u00e9alisons ensemble la transformation photovolta\u00efque.<\/h2>\t\t\t\t<\/div>\n\t\t\t\t<\/div>\n\t\t\t\t\t<\/div>\n\t\t<\/div>\n\t\t\t\t\t<\/div>\n\t\t<\/section>\n\t\t\t\t<section class=\"elementor-section elementor-top-section elementor-element elementor-element-01d356f elementor-section-boxed elementor-section-height-default elementor-section-height-default\" data-id=\"01d356f\" data-element_type=\"section\" data-e-type=\"section\" data-settings=\"{&quot;jet_parallax_layout_list&quot;:[],&quot;background_background&quot;:&quot;gradient&quot;}\">\n\t\t\t\t\t\t<div class=\"elementor-container elementor-column-gap-no\">\n\t\t\t\t\t<div class=\"elementor-column elementor-col-100 elementor-top-column elementor-element elementor-element-9a947ed\" data-id=\"9a947ed\" data-element_type=\"column\" data-e-type=\"column\">\n\t\t\t<div class=\"elementor-widget-wrap elementor-element-populated\">\n\t\t\t\t\t\t<div class=\"elementor-element elementor-element-ea74e0e elementor-widget elementor-widget-spacer\" data-id=\"ea74e0e\" data-element_type=\"widget\" data-e-type=\"widget\" data-widget_type=\"spacer.default\">\n\t\t\t\t<div class=\"elementor-widget-container\">\n\t\t\t\t\t\t\t<div class=\"elementor-spacer\">\n\t\t\t<div class=\"elementor-spacer-inner\"><\/div>\n\t\t<\/div>\n\t\t\t\t\t\t<\/div>\n\t\t\t\t<\/div>\n\t\t\t\t<div class=\"elementor-element elementor-element-fabecb1 elementor-invisible elementor-widget elementor-widget-heading\" data-id=\"fabecb1\" data-element_type=\"widget\" data-e-type=\"widget\" data-settings=\"{&quot;_animation&quot;:&quot;fadeInDown&quot;}\" data-widget_type=\"heading.default\">\n\t\t\t\t<div class=\"elementor-widget-container\">\n\t\t\t\t\t<h2 class=\"elementor-heading-title elementor-size-default\">VOULEZ-VOUS INSTALLER DES PANNEAUX SOLAIRES ?<\/h2>\t\t\t\t<\/div>\n\t\t\t\t<\/div>\n\t\t\t\t<div class=\"elementor-element elementor-element-ce09b9b elementor-invisible elementor-widget elementor-widget-text-editor\" data-id=\"ce09b9b\" data-element_type=\"widget\" data-e-type=\"widget\" data-settings=\"{&quot;_animation&quot;:&quot;fadeInUp&quot;}\" data-widget_type=\"text-editor.default\">\n\t\t\t\t<div class=\"elementor-widget-container\">\n\t\t\t\t\t\t\t\t\t<p>Envoyez-nous vos coordonn\u00e9es. Notre ing\u00e9nieur effectuera une visite en personne, nous cr\u00e9erons un projet personnalis\u00e9 pour vous et nous pourrons r\u00e9pondre imm\u00e9diatement \u00e0 toutes vos questions.<br \/><strong>Facile et clair.<\/strong><\/p>\t\t\t\t\t\t\t\t<\/div>\n\t\t\t\t<\/div>\n\t\t\t\t<div class=\"elementor-element elementor-element-56e7d8c elementor-align-center elementor-invisible elementor-widget elementor-widget-button\" data-id=\"56e7d8c\" data-element_type=\"widget\" data-e-type=\"widget\" data-settings=\"{&quot;_animation&quot;:&quot;fadeInUp&quot;,&quot;_animation_delay&quot;:0}\" data-widget_type=\"button.default\">\n\t\t\t\t<div class=\"elementor-widget-container\">\n\t\t\t\t\t\t\t\t\t<div class=\"elementor-button-wrapper\">\n\t\t\t\t\t<a class=\"elementor-button elementor-button-link elementor-size-sm\" href=\"https:\/\/moratorenovables.com\/fr\/formulaire\/\">\n\t\t\t\t\t\t<span class=\"elementor-button-content-wrapper\">\n\t\t\t\t\t\t\t\t\t<span class=\"elementor-button-text\">Oui, je suis int\u00e9ress\u00e9.<\/span>\n\t\t\t\t\t<\/span>\n\t\t\t\t\t<\/a>\n\t\t\t\t<\/div>\n\t\t\t\t\t\t\t\t<\/div>\n\t\t\t\t<\/div>\n\t\t\t\t<div class=\"elementor-element elementor-element-e2e27af elementor-widget elementor-widget-spacer\" data-id=\"e2e27af\" data-element_type=\"widget\" data-e-type=\"widget\" data-widget_type=\"spacer.default\">\n\t\t\t\t<div class=\"elementor-widget-container\">\n\t\t\t\t\t\t\t<div class=\"elementor-spacer\">\n\t\t\t<div class=\"elementor-spacer-inner\"><\/div>\n\t\t<\/div>\n\t\t\t\t\t\t<\/div>\n\t\t\t\t<\/div>\n\t\t\t\t\t<\/div>\n\t\t<\/div>\n\t\t\t\t\t<\/div>\n\t\t<\/section>\n\t\t\t\t<\/div>","protected":false},"excerpt":{"rendered":"<p>QUI SOM Volem ajudar-te a fer la necess\u00e0ria transici\u00f3 energ\u00e8tica.Ens posem al teu servei com hem fet sempre, des de 1953 Una empresa familiar amb hist\u00f2ria\u00a0L\u2019activitat empresarial de la fam\u00edlia Morat\u00f3 comen\u00e7a el 1953. Des de la seva fundaci\u00f3 i al llarg dels anys, els valors de proximitat, senzillesa i servei al m\u00e0xim detall, han [&hellip;]<\/p>\n","protected":false},"author":2,"featured_media":0,"parent":0,"menu_order":0,"comment_status":"closed","ping_status":"closed","template":"","meta":{"nombre_localidad":"","descripcion_slider":"","texto_anuncio_cta_llamada_a_la_accion":"","texto_seccion_1":"","texto_seccion_2":"","telefono":"","footnotes":""},"class_list":["post-850","page","type-page","status-publish","hentry"],"_links":{"self":[{"href":"https:\/\/moratorenovables.com\/fr\/wp-json\/wp\/v2\/pages\/850","targetHints":{"allow":["GET"]}}],"collection":[{"href":"https:\/\/moratorenovables.com\/fr\/wp-json\/wp\/v2\/pages"}],"about":[{"href":"https:\/\/moratorenovables.com\/fr\/wp-json\/wp\/v2\/types\/page"}],"author":[{"embeddable":true,"href":"https:\/\/moratorenovables.com\/fr\/wp-json\/wp\/v2\/users\/2"}],"replies":[{"embeddable":true,"href":"https:\/\/moratorenovables.com\/fr\/wp-json\/wp\/v2\/comments?post=850"}],"version-history":[{"count":5,"href":"https:\/\/moratorenovables.com\/fr\/wp-json\/wp\/v2\/pages\/850\/revisions"}],"predecessor-version":[{"id":2549,"href":"https:\/\/moratorenovables.com\/fr\/wp-json\/wp\/v2\/pages\/850\/revisions\/2549"}],"wp:attachment":[{"href":"https:\/\/moratorenovables.com\/fr\/wp-json\/wp\/v2\/media?parent=850"}],"curies":[{"name":"wp","href":"https:\/\/api.w.org\/{rel}","templated":true}]}}